{"id":4062,"date":"2020-05-10T19:13:14","date_gmt":"2020-05-10T19:13:14","guid":{"rendered":"https:\/\/muracare.com\/product\/ecran-de-protection-en-plexiglas-pour-suspendu-du-plafond\/"},"modified":"2022-11-21T16:03:46","modified_gmt":"2022-11-21T21:03:46","slug":"ecran-de-protection-suspendu","status":"publish","type":"product","link":"https:\/\/muracare.com\/fr\/produit\/ecran-de-protection-suspendu\/","title":{"rendered":"\u00c9cran de protection suspendu"},"content":{"rendered":"<div id=\"i4c-draggable-container\" style=\"position: fixed; z-index: 1499; width: 0px; height: 0px;\">\n<div class=\"resolved\" style=\"all: initial;\" data-reactroot=\"\"><\/div>\n<\/div>\n<p>muraCare propose une large gamme de produits de protection sup\u00e9rieure. S\u00e9curitaires, bien con\u00e7us, fonctionnels, adaptables et pourtant \u00e9l\u00e9gants, nos \u00e9crans sont con\u00e7us en pensant \u00e0 notre utilisateur final. muraCare est une compagnie de Muraflex, un important fabricant nord-am\u00e9ricain de cloisons vitr\u00e9es d\u00e9montables haut de gamme, et b\u00e9n\u00e9ficie d&rsquo;une \u00e9quipe d&rsquo;ing\u00e9nieurs chevronn\u00e9s pour d\u00e9velopper des produits de protection sup\u00e9rieurs.<\/p>\n<div id=\"i4c-dialogs-container\"><\/div>\n","protected":false},"excerpt":{"rendered":"<div id=\"i4c-draggable-container\" style=\"position: fixed; z-index: 1499; width: 0px; height: 0px;\">\n<div class=\"resolved\" style=\"all: initial;\" data-reactroot=\"\"><\/div>\n<\/div>\n<p>Nos \u00e9crans de protection vous permettent d&rsquo;op\u00e9rer et d&rsquo;effectuer des transactions en toute s\u00e9curit\u00e9. Fabriqu\u00e9 en plexiglass et en aluminium, l\u2019\u00e9cran suspendu est facilement install\u00e9 d\u2019une fa\u00e7on temporaire qui n&rsquo;endommagera pas votre plafond et laissera votre espace de travail libre. Notre mod\u00e8le standard est W36 \u201dx H36\u201d mais nous pouvons personnaliser notre \u00e9cran pour r\u00e9pondre parfaitement \u00e0 vos besoins.<\/p>\n<div id=\"i4c-dialogs-container\"><\/div>\n","protected":false},"featured_media":4394,"comment_status":"open","ping_status":"closed","template":"","meta":{"_et_pb_use_builder":"","_et_pb_old_content":"","_et_gb_content_width":"","inline_featured_image":false},"product_brand":[],"product_cat":[36],"product_tag":[],"class_list":{"0":"post-4062","1":"product","2":"type-product","3":"status-publish","4":"has-post-thumbnail","6":"product_cat-bureaux","8":"first","9":"instock","10":"taxable","11":"shipping-taxable","12":"product-type-simple"},"_links":{"self":[{"href":"https:\/\/muracare.com\/fr\/wp-json\/wp\/v2\/product\/4062","targetHints":{"allow":["GET"]}}],"collection":[{"href":"https:\/\/muracare.com\/fr\/wp-json\/wp\/v2\/product"}],"about":[{"href":"https:\/\/muracare.com\/fr\/wp-json\/wp\/v2\/types\/product"}],"replies":[{"embeddable":true,"href":"https:\/\/muracare.com\/fr\/wp-json\/wp\/v2\/comments?post=4062"}],"wp:featuredmedia":[{"embeddable":true,"href":"https:\/\/muracare.com\/fr\/wp-json\/wp\/v2\/media\/4394"}],"wp:attachment":[{"href":"https:\/\/muracare.com\/fr\/wp-json\/wp\/v2\/media?parent=4062"}],"wp:term":[{"taxonomy":"product_brand","embeddable":true,"href":"https:\/\/muracare.com\/fr\/wp-json\/wp\/v2\/product_brand?post=4062"},{"taxonomy":"product_cat","embeddable":true,"href":"https:\/\/muracare.com\/fr\/wp-json\/wp\/v2\/product_cat?post=4062"},{"taxonomy":"product_tag","embeddable":true,"href":"https:\/\/muracare.com\/fr\/wp-json\/wp\/v2\/product_tag?post=4062"}],"curies":[{"name":"wp","href":"https:\/\/api.w.org\/{rel}","templated":true}]}}