{"id":4055,"date":"2020-05-10T19:21:53","date_gmt":"2020-05-10T19:21:53","guid":{"rendered":"https:\/\/muracare.com\/product\/u1-ecrans-de-bureau-pleins\/"},"modified":"2022-11-24T13:50:44","modified_gmt":"2022-11-24T18:50:44","slug":"u1-ecrans-de-bureau-pleins","status":"publish","type":"product","link":"https:\/\/muracare.com\/fr\/produit\/u1-ecrans-de-bureau-pleins\/","title":{"rendered":"U1 &#8211; \u00c9crans De Bureau Pleins"},"content":{"rendered":"<div id=\"i4c-draggable-container\" style=\"position: fixed; z-index: 1499; width: 0px; height: 0px;\">\n<div class=\"resolved\" style=\"all: initial;\" data-reactroot=\"\"><\/div>\n<\/div>\n<p><span class=\"TextRun SCXW82959844 BCX7\" lang=\"FR-CA\" xml:lang=\"FR-CA\" data-contrast=\"auto\"><span class=\"SpellingError SCXW82959844 BCX7\">MuraCare<\/span><\/span><span class=\"TextRun SCXW82959844 BCX7\" lang=\"FR-CA\" xml:lang=\"FR-CA\" data-contrast=\"auto\"><span class=\"NormalTextRun SCXW82959844 BCX7\">\u00a0est une subdivision de\u00a0<\/span><\/span><span class=\"TextRun SCXW82959844 BCX7\" lang=\"FR-CA\" xml:lang=\"FR-CA\" data-contrast=\"auto\"><span class=\"SpellingError SCXW82959844 BCX7\">Muraflex<\/span><\/span><span class=\"TextRun SCXW82959844 BCX7\" lang=\"FR-CA\" xml:lang=\"FR-CA\" data-contrast=\"auto\"><span class=\"NormalTextRun SCXW82959844 BCX7\">,\u00a0<\/span><\/span><span class=\"TextRun SCXW82959844 BCX7\" lang=\"FR-CA\" xml:lang=\"FR-CA\" data-contrast=\"auto\"><span class=\"NormalTextRun SCXW82959844 BCX7\">l\u2019un\u00a0<\/span><\/span><span class=\"TextRun SCXW82959844 BCX7\" lang=\"FR-CA\" xml:lang=\"FR-CA\" data-contrast=\"auto\"><span class=\"ContextualSpellingAndGrammarError SCXW82959844 BCX7\">des plus grand manufacturier<\/span><\/span><span class=\"TextRun SCXW82959844 BCX7\" lang=\"FR-CA\" xml:lang=\"FR-CA\" data-contrast=\"auto\"><span class=\"NormalTextRun SCXW82959844 BCX7\">\u00a0en<\/span><\/span><span class=\"TextRun SCXW82959844 BCX7\" lang=\"FR-CA\" xml:lang=\"FR-CA\" data-contrast=\"auto\"><span class=\"NormalTextRun SCXW82959844 BCX7\">\u00a0am\u00e9ricain<\/span><\/span><span class=\"TextRun SCXW82959844 BCX7\" lang=\"FR-CA\" xml:lang=\"FR-CA\" data-contrast=\"auto\"><span class=\"NormalTextRun SCXW82959844 BCX7\">\u00a0du nord<\/span><\/span><span class=\"TextRun SCXW82959844 BCX7\" lang=\"FR-CA\" xml:lang=\"FR-CA\" data-contrast=\"auto\"><span class=\"NormalTextRun SCXW82959844 BCX7\">\u00a0de cloisons amovibles en verre pour bureaux, et b\u00e9n\u00e9ficie de son \u00e9quipe d&rsquo;ing\u00e9nieurs<\/span><\/span><span class=\"TextRun SCXW82959844 BCX7\" lang=\"FR-CA\" xml:lang=\"FR-CA\" data-contrast=\"auto\"><span class=\"NormalTextRun SCXW82959844 BCX7\">\u00a0<\/span><\/span><span class=\"TextRun SCXW82959844 BCX7\" lang=\"FR-CA\" xml:lang=\"FR-CA\" data-contrast=\"auto\"><span class=\"NormalTextRun SCXW82959844 BCX7\">chevronn\u00e9s. Cr\u00e9er des environnements de travail plus s\u00fbrs, meilleurs et adaptables est ce que nous faisons de mieux. Nous pouvons vous aider \u00e0 p\u00e9renniser votre espace de travail et \u00e0 construire n&rsquo;importe quelle solution d<\/span><\/span><span class=\"TextRun SCXW82959844 BCX7\" lang=\"FR-CA\" xml:lang=\"FR-CA\" data-contrast=\"auto\"><span class=\"NormalTextRun SCXW82959844 BCX7\">\u2019\u00e9cran\u00a0<\/span><\/span><span class=\"TextRun SCXW82959844 BCX7\" lang=\"FR-CA\" xml:lang=\"FR-CA\" data-contrast=\"auto\"><span class=\"NormalTextRun SCXW82959844 BCX7\">de protection en plexiglas ou en verre afin que vous puissiez\u00a0<\/span><\/span><span class=\"TextRun SCXW82959844 BCX7\" lang=\"FR-CA\" xml:lang=\"FR-CA\" data-contrast=\"auto\"><span class=\"NormalTextRun SCXW82959844 BCX7\">op\u00e9rer et\u00a0<\/span><\/span><span class=\"TextRun SCXW82959844 BCX7\" lang=\"FR-CA\" xml:lang=\"FR-CA\" data-contrast=\"auto\"><span class=\"SpellingError SCXW82959844 BCX7\">travailer<\/span><\/span><span class=\"TextRun SCXW82959844 BCX7\" lang=\"FR-CA\" xml:lang=\"FR-CA\" data-contrast=\"auto\"><span class=\"NormalTextRun SCXW82959844 BCX7\">\u00a0en toute s\u00e9curit\u00e9 et vous prot\u00e9ger, vous, vos employ\u00e9s, vos \u00e9quipes et vos clients. Contactez-nous pour configurer le v\u00f4tre.<\/span><\/span><span class=\"EOP SCXW82959844 BCX7\" data-ccp-props=\"{}\">\u00a0<\/span><\/p>\n<div id=\"i4c-dialogs-container\"><\/div>\n<div id=\"i4c-dialogs-container\"><\/div>\n","protected":false},"excerpt":{"rendered":"<div id=\"i4c-draggable-container\" style=\"position: fixed; z-index: 1499; width: 0px; height: 0px;\">\n<div class=\"resolved\" style=\"all: initial;\" data-reactroot=\"\"><\/div>\n<\/div>\n<p><span data-contrast=\"auto\">Nos \u00e9crans de protection de bureau<\/span><span data-contrast=\"auto\">\u00a0pleins<\/span><span data-contrast=\"auto\">\u00a0vous permettent de travailler et d&rsquo;interagir avec vos coll\u00e8gues en toute s\u00e9curit\u00e9 et sans obstruction visuelle. Fabriqu\u00e9s en plexiglas et en aluminium, les \u00e9crans sont l\u00e9gers, ne n\u00e9cessitent aucune installation et sont fix\u00e9s au bureau avec un m\u00e9canisme de serrage.\u00a0<\/span><span data-ccp-props=\"{}\">\u00a0<\/span><\/p>\n<div id=\"i4c-dialogs-container\"><\/div>\n<div id=\"i4c-dialogs-container\"><\/div>\n","protected":false},"featured_media":4396,"comment_status":"open","ping_status":"closed","template":"","meta":{"_et_pb_use_builder":"","_et_pb_old_content":"","_et_gb_content_width":"","inline_featured_image":false},"product_brand":[],"product_cat":[36],"product_tag":[],"class_list":{"0":"post-4055","1":"product","2":"type-product","3":"status-publish","4":"has-post-thumbnail","6":"product_cat-bureaux","8":"first","9":"instock","10":"taxable","11":"shipping-taxable","12":"product-type-simple"},"_links":{"self":[{"href":"https:\/\/muracare.com\/fr\/wp-json\/wp\/v2\/product\/4055","targetHints":{"allow":["GET"]}}],"collection":[{"href":"https:\/\/muracare.com\/fr\/wp-json\/wp\/v2\/product"}],"about":[{"href":"https:\/\/muracare.com\/fr\/wp-json\/wp\/v2\/types\/product"}],"replies":[{"embeddable":true,"href":"https:\/\/muracare.com\/fr\/wp-json\/wp\/v2\/comments?post=4055"}],"wp:featuredmedia":[{"embeddable":true,"href":"https:\/\/muracare.com\/fr\/wp-json\/wp\/v2\/media\/4396"}],"wp:attachment":[{"href":"https:\/\/muracare.com\/fr\/wp-json\/wp\/v2\/media?parent=4055"}],"wp:term":[{"taxonomy":"product_brand","embeddable":true,"href":"https:\/\/muracare.com\/fr\/wp-json\/wp\/v2\/product_brand?post=4055"},{"taxonomy":"product_cat","embeddable":true,"href":"https:\/\/muracare.com\/fr\/wp-json\/wp\/v2\/product_cat?post=4055"},{"taxonomy":"product_tag","embeddable":true,"href":"https:\/\/muracare.com\/fr\/wp-json\/wp\/v2\/product_tag?post=4055"}],"curies":[{"name":"wp","href":"https:\/\/api.w.org\/{rel}","templated":true}]}}