{"id":4051,"date":"2020-05-10T22:40:55","date_gmt":"2020-05-10T22:40:55","guid":{"rendered":"https:\/\/muracare.com\/product\/chambres-temporaires-modulaires\/"},"modified":"2020-07-02T18:01:31","modified_gmt":"2020-07-02T18:01:31","slug":"chambres-temporaires-modulaires","status":"publish","type":"product","link":"https:\/\/muracare.com\/fr\/produit\/chambres-temporaires-modulaires\/","title":{"rendered":"Medi3 &#8211; Chambres temporaires modulaires"},"content":{"rendered":"<div id=\"i4c-draggable-container\" style=\"position: fixed; z-index: 1499; width: 0px; height: 0px;\">\n<div class=\"resolved\" style=\"all: initial;\" data-reactroot=\"\"><\/div>\n<\/div>\n<p>&nbsp;<\/p>\n<div id=\"i4c-dialogs-container\"><\/div>\n<div id=\"i4c-dialogs-container\"><\/div>\n","protected":false},"excerpt":{"rendered":"<div id=\"i4c-draggable-container\" style=\"position: fixed; z-index: 1499; width: 0px; height: 0px;\">\n<div class=\"resolved\" style=\"all: initial;\" data-reactroot=\"\"><\/div>\n<\/div>\n<p><span class=\"TextRun SCXW8236222 BCX7\" lang=\"FR-CA\" xml:lang=\"FR-CA\" data-contrast=\"auto\"><span class=\"NormalTextRun SCXW8236222 BCX7\">Medi3 sont des pi\u00e8ces temporaires autoportantes modulaires qui offrent une<\/span><\/span><span class=\"TextRun SCXW8236222 BCX7\" lang=\"FR-CA\" xml:lang=\"FR-CA\" data-contrast=\"auto\"><span class=\"NormalTextRun SCXW8236222 BCX7\">\u00a0<\/span><\/span><span class=\"TextRun SCXW8236222 BCX7\" lang=\"FR-CA\" xml:lang=\"FR-CA\" data-contrast=\"auto\"><span class=\"NormalTextRun SCXW8236222 BCX7\">s\u00e9paration<\/span><\/span><span class=\"TextRun SCXW8236222 BCX7\" lang=\"FR-CA\" xml:lang=\"FR-CA\" data-contrast=\"auto\"><span class=\"NormalTextRun SCXW8236222 BCX7\">\u00a0<\/span><\/span><span class=\"TextRun SCXW8236222 BCX7\" lang=\"FR-CA\" xml:lang=\"FR-CA\" data-contrast=\"auto\"><span class=\"NormalTextRun SCXW8236222 BCX7\">et un diviseur social pour les h\u00f4pitaux temporaires et les abris dans les situations de secours d&rsquo;urgence. Avec des d\u00e9lais de livraison et\u00a0<\/span><\/span><span class=\"TextRun SCXW8236222 BCX7\" lang=\"FR-CA\" xml:lang=\"FR-CA\" data-contrast=\"auto\"><span class=\"NormalTextRun SCXW8236222 BCX7\">une installation rapide<\/span><\/span><span class=\"TextRun SCXW8236222 BCX7\" lang=\"FR-CA\" xml:lang=\"FR-CA\" data-contrast=\"auto\"><span class=\"NormalTextRun SCXW8236222 BCX7\">, Medi3 fournit des\u00a0<\/span><\/span><span class=\"TextRun SCXW8236222 BCX7\" lang=\"FR-CA\" xml:lang=\"FR-CA\" data-contrast=\"auto\"><span class=\"SpellingError SCXW8236222 BCX7\">pods<\/span><\/span><span class=\"TextRun SCXW8236222 BCX7\" lang=\"FR-CA\" xml:lang=\"FR-CA\" data-contrast=\"auto\"><span class=\"NormalTextRun SCXW8236222 BCX7\">\u00a0s\u00fbres et sanitaires personnalisables en taille, finition, fen\u00eatre de c\u00f4t\u00e9 et type de porte. Les murs sont \u00e9galement accessibles pour le c\u00e2blage et la plomberie au besoin.<\/span><\/span><span class=\"EOP SCXW8236222 BCX7\" data-ccp-props=\"{}\">\u00a0<\/span><\/p>\n<div id=\"i4c-dialogs-container\"><\/div>\n","protected":false},"featured_media":4052,"comment_status":"open","ping_status":"closed","template":"","meta":{"_et_pb_use_builder":"","_et_pb_old_content":"","_et_gb_content_width":"","inline_featured_image":false},"product_brand":[],"product_cat":[35],"product_tag":[],"class_list":{"0":"post-4051","1":"product","2":"type-product","3":"status-publish","4":"has-post-thumbnail","6":"product_cat-produits-de-protection-des-soins-de-sante","8":"first","9":"instock","10":"taxable","11":"shipping-taxable","12":"product-type-simple"},"_links":{"self":[{"href":"https:\/\/muracare.com\/fr\/wp-json\/wp\/v2\/product\/4051","targetHints":{"allow":["GET"]}}],"collection":[{"href":"https:\/\/muracare.com\/fr\/wp-json\/wp\/v2\/product"}],"about":[{"href":"https:\/\/muracare.com\/fr\/wp-json\/wp\/v2\/types\/product"}],"replies":[{"embeddable":true,"href":"https:\/\/muracare.com\/fr\/wp-json\/wp\/v2\/comments?post=4051"}],"wp:featuredmedia":[{"embeddable":true,"href":"https:\/\/muracare.com\/fr\/wp-json\/wp\/v2\/media\/4052"}],"wp:attachment":[{"href":"https:\/\/muracare.com\/fr\/wp-json\/wp\/v2\/media?parent=4051"}],"wp:term":[{"taxonomy":"product_brand","embeddable":true,"href":"https:\/\/muracare.com\/fr\/wp-json\/wp\/v2\/product_brand?post=4051"},{"taxonomy":"product_cat","embeddable":true,"href":"https:\/\/muracare.com\/fr\/wp-json\/wp\/v2\/product_cat?post=4051"},{"taxonomy":"product_tag","embeddable":true,"href":"https:\/\/muracare.com\/fr\/wp-json\/wp\/v2\/product_tag?post=4051"}],"curies":[{"name":"wp","href":"https:\/\/api.w.org\/{rel}","templated":true}]}}