{"id":4047,"date":"2020-05-10T21:12:31","date_gmt":"2020-05-10T21:12:31","guid":{"rendered":"https:\/\/muracare.com\/product\/dome-ecran-de-protection-du-lit-de-lhopital\/"},"modified":"2020-07-02T14:35:04","modified_gmt":"2020-07-02T14:35:04","slug":"dome-ecran-de-protection-du-lit-de-lhopital","status":"publish","type":"product","link":"https:\/\/muracare.com\/fr\/produit\/dome-ecran-de-protection-du-lit-de-lhopital\/","title":{"rendered":"Dome &#8211; \u00c9cran de protection du lit de l&rsquo;h\u00f4pital"},"content":{"rendered":"<div id=\"i4c-draggable-container\" style=\"position: fixed; z-index: 1499; width: 0px; height: 0px;\">\n<div class=\"resolved\" style=\"all: initial;\" data-reactroot=\"\"><\/div>\n<\/div>\n<p>Les patients hospitalis\u00e9s souffrant de probl\u00e8mes respiratoires aigus peuvent devoir \u00eatre mis sous respirateurs pour les aider \u00e0 respirer. La proc\u00e9dure d&rsquo;intubation est p\u00e9rilleuse et n\u00e9cessite que le m\u00e9decin soit \u00e0 proximit\u00e9 du patient. Pendant le retrait du tube d&rsquo;intubation, la patience tousse, crache et postillonne des gouttelettes. Le D\u00f4me muraCare prot\u00e8ge et emp\u00eache le personnel m\u00e9dical d&rsquo;attraper une maladie transmise par les voies respiratoires au cours de cette proc\u00e9dure compliqu\u00e9e.<\/p>\n<div id=\"i4c-dialogs-container\"><\/div>\n<div id=\"i4c-dialogs-container\"><\/div>\n","protected":false},"excerpt":{"rendered":"<div id=\"i4c-draggable-container\" style=\"position: fixed; z-index: 1499; width: 0px; height: 0px;\">\n<div class=\"resolved\" style=\"all: initial;\" data-reactroot=\"\"><\/div>\n<\/div>\n<p>Le d\u00f4me prot\u00e8ge \u00e0 la fois les patients et le personnel m\u00e9dical contre toute maladie transmise par les voies respiratoires lors d&rsquo;une intervention telle que l&rsquo;intubation. Il s&rsquo;agit d&rsquo;un \u00e9cran en plexiglas qui glisse sous un matelas de lit d&rsquo;h\u00f4pital et est enti\u00e8rement personnalisable en largeur et en hauteur. Le d\u00f4me ne n\u00e9cessite aucune installation, est l\u00e9ger et facilement mobile.<\/p>\n<div id=\"i4c-dialogs-container\"><\/div>\n<div id=\"i4c-dialogs-container\"><\/div>\n","protected":false},"featured_media":4422,"comment_status":"open","ping_status":"closed","template":"","meta":{"_et_pb_use_builder":"","_et_pb_old_content":"","_et_gb_content_width":"","inline_featured_image":false},"product_brand":[],"product_cat":[35],"product_tag":[],"class_list":{"0":"post-4047","1":"product","2":"type-product","3":"status-publish","4":"has-post-thumbnail","6":"product_cat-produits-de-protection-des-soins-de-sante","8":"first","9":"instock","10":"taxable","11":"shipping-taxable","12":"product-type-simple"},"_links":{"self":[{"href":"https:\/\/muracare.com\/fr\/wp-json\/wp\/v2\/product\/4047","targetHints":{"allow":["GET"]}}],"collection":[{"href":"https:\/\/muracare.com\/fr\/wp-json\/wp\/v2\/product"}],"about":[{"href":"https:\/\/muracare.com\/fr\/wp-json\/wp\/v2\/types\/product"}],"replies":[{"embeddable":true,"href":"https:\/\/muracare.com\/fr\/wp-json\/wp\/v2\/comments?post=4047"}],"wp:featuredmedia":[{"embeddable":true,"href":"https:\/\/muracare.com\/fr\/wp-json\/wp\/v2\/media\/4422"}],"wp:attachment":[{"href":"https:\/\/muracare.com\/fr\/wp-json\/wp\/v2\/media?parent=4047"}],"wp:term":[{"taxonomy":"product_brand","embeddable":true,"href":"https:\/\/muracare.com\/fr\/wp-json\/wp\/v2\/product_brand?post=4047"},{"taxonomy":"product_cat","embeddable":true,"href":"https:\/\/muracare.com\/fr\/wp-json\/wp\/v2\/product_cat?post=4047"},{"taxonomy":"product_tag","embeddable":true,"href":"https:\/\/muracare.com\/fr\/wp-json\/wp\/v2\/product_tag?post=4047"}],"curies":[{"name":"wp","href":"https:\/\/api.w.org\/{rel}","templated":true}]}}